{"id":974,"date":"2026-04-19T12:21:21","date_gmt":"2026-04-19T12:21:21","guid":{"rendered":"https:\/\/renewerner.tv\/tv\/?page_id=974"},"modified":"2026-04-19T19:48:32","modified_gmt":"2026-04-19T19:48:32","slug":"ai-decision-friction-lab","status":"publish","type":"page","link":"https:\/\/renewerner.tv\/tv\/ai-decision-friction-lab\/","title":{"rendered":"ai-decision-friction-lab"},"content":{"rendered":"\n<div class=\"wp-block-group alignfull\"><div class=\"wp-block-group__inner-container is-layout-constrained wp-block-group-is-layout-constrained\">\n<div class=\"wp-block-group hero-inner has-white-background-color has-background\"><div class=\"wp-block-group__inner-container is-layout-constrained wp-block-group-is-layout-constrained\">\n<h1 class=\"wp-block-heading hero-title\"><strong>AI Decision Friction Lab<\/strong><br>AI ver\u00e4ndert eure Ergebnisse.<br>Aber nicht eure Entscheidungen.<\/h1>\n\n\n\n<p class=\"hero-subtext\" style=\"font-size:21px;font-style:normal;font-weight:400;letter-spacing:0px\">Und genau dort entsteht gerade Reibung.<\/p>\n<\/div><\/div>\n<\/div><\/div>\n\n\n\n<div class=\"wp-block-group\" style=\"font-size:18px;letter-spacing:0px\"><div class=\"wp-block-group__inner-container is-layout-constrained wp-block-group-is-layout-constrained\">\n<div style=\"height:100px\" aria-hidden=\"true\" class=\"wp-block-spacer\"><\/div>\n\n\n\n<p style=\"font-size:19px;letter-spacing:0.2px\">Ihr nutzt KI bereits.<br>Aber niemand kann sauber sagen, wann ein Ergebnis wirklich tragf\u00e4hig ist.<\/p>\n\n\n\n<p style=\"font-size:19px;letter-spacing:0.2px\">Das Problem ist nicht die KI.<br>Sondern wie Entscheidungen im Umgang mit ihr entstehen.<\/p>\n\n\n\n<p style=\"font-size:19px;letter-spacing:0.2px\">Also wird gez\u00f6gert.<br>Abgesichert.<br>Oder einfach entschieden \u2014 ohne Klarheit.<\/p>\n<\/div><\/div>\n\n\n\n<div class=\"wp-block-group\"><div class=\"wp-block-group__inner-container is-layout-constrained wp-block-group-is-layout-constrained\">\n<div style=\"height:100px\" aria-hidden=\"true\" class=\"wp-block-spacer\"><\/div>\n\n\n\n<h2 class=\"wp-block-heading\" style=\"font-style:normal;font-weight:500\">Die meisten Organisationen versuchen gerade:<\/h2>\n\n\n\n<ul style=\"font-size:18px\" class=\"wp-block-list service-list\">\n<li>KI in bestehende Prozesse zu pressen<\/li>\n\n\n\n<li>Kontrolle \u00fcber etwas zu behalten, das nicht vollst\u00e4ndig kontrollierbar ist<\/li>\n\n\n\n<li>Sicherheit zu erzeugen, wo eigentlich Unsicherheit verarbeitet werden m\u00fcsste<\/li>\n<\/ul>\n\n\n\n<div style=\"height:40px\" aria-hidden=\"true\" class=\"wp-block-spacer\"><\/div>\n\n\n\n<h3 class=\"wp-block-heading\">Das Ergebnis<\/h3>\n\n\n\n<p style=\"font-size:18px;letter-spacing:0px\">Entscheidungen werden langsamer.<br>Oder beliebiger.<br>Und niemand spricht es offen aus.<\/p>\n<\/div><\/div>\n\n\n\n<div class=\"wp-block-group\"><div class=\"wp-block-group__inner-container is-layout-constrained wp-block-group-is-layout-constrained\">\n<div style=\"height:100px\" aria-hidden=\"true\" class=\"wp-block-spacer\"><\/div>\n\n\n\n<h2 class=\"wp-block-heading\" style=\"font-style:normal;font-weight:500\">Das kennst Du<\/h2>\n\n\n\n<p style=\"font-size:18px;letter-spacing:0px\"><br>Ein Team arbeitet mit KI an einer Entscheidung.<br>Die Ergebnisse sind da.<br>Aber niemand kann sagen, ob sie tragf\u00e4hig sind.<br>Also wird diskutiert.<br>Abgesichert.<br>Oder entschieden \u2014 ohne Klarheit.<\/p>\n<\/div><\/div>\n\n\n\n<div class=\"wp-block-group\"><div class=\"wp-block-group__inner-container is-layout-constrained wp-block-group-is-layout-constrained\">\n<div style=\"height:120px\" aria-hidden=\"true\" class=\"wp-block-spacer\"><\/div>\n\n\n\n<h2 class=\"wp-block-heading\" style=\"font-style:normal;font-weight:500\">Was ist das AI Decision Friction Lab?<\/h2>\n\n\n\n<p style=\"font-size:18px;letter-spacing:0px\">Ein 2\u20133 st\u00fcndiger Eingriff in eine reale Entscheidungssituation.<\/p>\n\n\n\n<p style=\"font-size:18px;letter-spacing:0px\">Kein Workshop.<br>Keine Theorie.<br>Kein Setup.<\/p>\n\n\n\n<p style=\"font-size:18px;letter-spacing:0px\">Wir arbeiten mit einem konkreten Fall aus eurem Alltag.<\/p>\n<\/div><\/div>\n\n\n\n<div class=\"wp-block-group\"><div class=\"wp-block-group__inner-container is-layout-constrained wp-block-group-is-layout-constrained\">\n<div style=\"height:120px\" aria-hidden=\"true\" class=\"wp-block-spacer\"><\/div>\n\n\n\n<h2 class=\"wp-block-heading\" style=\"font-style:normal;font-weight:500\">Was passiert konkret in einer Session?<\/h2>\n\n\n\n<p style=\"font-size:18px;letter-spacing:0px\">Wir schauen gemeinsam auf eine Entscheidung, bei der KI im Spiel ist:<\/p>\n\n\n\n<ul class=\"wp-block-list service-list\">\n<li>Was wurde von der KI geliefert?<\/li>\n\n\n\n<li>Was wurde genutzt \u2014 und warum?<\/li>\n\n\n\n<li>Wo entstand Unsicherheit?<\/li>\n\n\n\n<li>Wo wurde Kontrolle simuliert?<\/li>\n\n\n\n<li>Wer hat am Ende entschieden \u2014 und auf welcher Grundlage?<\/li>\n<\/ul>\n\n\n\n<p style=\"font-size:18px;letter-spacing:0px\">Ich mache sichtbar,<br>was ohnehin passiert \u2014 aber nicht benannt wird.<\/p>\n<\/div><\/div>\n\n\n\n<div class=\"wp-block-group\"><div class=\"wp-block-group__inner-container is-layout-constrained wp-block-group-is-layout-constrained\">\n<div style=\"height:120px\" aria-hidden=\"true\" class=\"wp-block-spacer\"><\/div>\n\n\n\n<h2 class=\"wp-block-heading\" style=\"font-style:normal;font-weight:500\"><strong><strong><strong>Ergebnis<\/strong><\/strong><\/strong>: Klarere Entscheidungen mit KI<\/h2>\n\n\n\n<p style=\"font-size:18px;letter-spacing:0px\">Nach wenigen Stunden:<\/p>\n\n\n\n<ul class=\"wp-block-list service-list\">\n<li>klarere Entscheidungslogik<\/li>\n\n\n\n<li>weniger Unsicherheit im Umgang mit KI<\/li>\n\n\n\n<li>schnellere, tragf\u00e4higere Entscheidungen<\/li>\n\n\n\n<li>sichtbare Entlastung im Team<\/li>\n<\/ul>\n<\/div><\/div>\n\n\n\n<div class=\"wp-block-group\"><div class=\"wp-block-group__inner-container is-layout-constrained wp-block-group-is-layout-constrained\">\n<div style=\"height:120px\" aria-hidden=\"true\" class=\"wp-block-spacer\"><\/div>\n\n\n\n<h2 class=\"wp-block-heading\" style=\"font-style:normal;font-weight:500\">F\u00fcr wen ist das AI Decision Friction Lab relevant?<\/h2>\n\n\n\n<ul class=\"wp-block-list service-list\">\n<li>F\u00fchrungskr\u00e4fte, die Entscheidungen im Kontext von KI verantworten<\/li>\n\n\n\n<li>Leiter IT, Produktverantwortliche und Gesch\u00e4ftsf\u00fchrung<\/li>\n\n\n\n<li>Teams, die KI bereits nutzen \u2014 aber Entscheidungen trotzdem nicht schneller werden<\/li>\n\n\n\n<li>Organisationen, die merken, dass \u201emehr KI\u201c nicht automatisch zu Klarheit f\u00fchrt<\/li>\n<\/ul>\n<\/div><\/div>\n\n\n\n<div class=\"wp-block-group\"><div class=\"wp-block-group__inner-container is-layout-constrained wp-block-group-is-layout-constrained\">\n<div style=\"height:120px\" aria-hidden=\"true\" class=\"wp-block-spacer\"><\/div>\n\n\n\n<h2 class=\"wp-block-heading\" style=\"font-style:normal;font-weight:500\">Was es nicht ist<\/h2>\n\n\n\n<ul class=\"wp-block-list service-list\">\n<li>keine KI-Schulung<\/li>\n\n\n\n<li>keine Tool-Einf\u00fchrung<\/li>\n\n\n\n<li>keine klassische Beratung<\/li>\n<\/ul>\n<\/div><\/div>\n\n\n\n<div class=\"wp-block-group\"><div class=\"wp-block-group__inner-container is-layout-constrained wp-block-group-is-layout-constrained\">\n<div style=\"height:120px\" aria-hidden=\"true\" class=\"wp-block-spacer\"><\/div>\n\n\n\n<h2 class=\"wp-block-heading\" style=\"font-style:normal;font-weight:500\">Format &amp; Ablauf<\/h2>\n\n\n\n<ul class=\"wp-block-list service-list\">\n<li>Dauer: 2\u20133 Stunden<\/li>\n\n\n\n<li>Teilnehmer: 4\u20138 Personen<\/li>\n\n\n\n<li>Remote oder vor Ort<\/li>\n<\/ul>\n<\/div><\/div>\n\n\n\n<div class=\"wp-block-group\"><div class=\"wp-block-group__inner-container is-layout-constrained wp-block-group-is-layout-constrained\">\n<div style=\"height:120px\" aria-hidden=\"true\" class=\"wp-block-spacer\"><\/div>\n\n\n\n<h2 class=\"wp-block-heading\" style=\"font-style:normal;font-weight:500\"><strong>Lasst uns auf eine eurer aktuellen Entscheidungen schauen.<\/strong><br>Ohne Vorbereitung. Ohne Setup.<\/h2>\n\n\n\n<div style=\"height:40px\" aria-hidden=\"true\" class=\"wp-block-spacer\"><\/div>\n\n\n\n<div class=\"wp-block-buttons is-layout-flex wp-block-buttons-is-layout-flex\">\n<div class=\"wp-block-button\"><a class=\"wp-block-button__link wp-element-button\" href=\"mailto:rene@renewerner.tv\">Termin anfragen<\/a><\/div>\n\n\n\n<div class=\"wp-block-button\"><a class=\"wp-block-button__link wp-element-button\" href=\"https:\/\/renewerner.tv\/tv\/executive-briefing\/\">Executive Briefing anfordern<\/a><\/div>\n<\/div>\n\n\n\n<div style=\"height:100px\" aria-hidden=\"true\" class=\"wp-block-spacer\"><\/div>\n\n\n\n<p style=\"font-size:18px;letter-spacing:0px\">Ich arbeite an der Schnittstelle von Daten, Systemen und menschlicher Entscheidung. Diese Muster sehe ich seit Jahren in realen Entscheidungsprozessen \u2014 lange bevor KI sichtbar wurde.<\/p>\n\n\n\n<p style=\"font-size:18px;letter-spacing:0px\">In Transformationsprojekten habe ich Entscheidungsgrundlagen f\u00fcr Management und Gesch\u00e4ftsf\u00fchrung aufgebaut, die direkt in strategische Steuerung eingeflossen sind.<\/p>\n\n\n\n<p style=\"font-size:18px;letter-spacing:0px\">Dabei ging es nie nur um Tools oder Prozesse,<br>sondern um die Dynamik dahinter:<\/p>\n\n\n\n<p style=\"font-size:18px;letter-spacing:0px\">Wie Entscheidungen tats\u00e4chlich entstehen \u2014<br>vor allem dann, wenn Systeme komplex werden<br>und Klarheit nur noch scheinbar vorhanden ist.<\/p>\n\n\n\n<p style=\"font-size:18px;letter-spacing:0px\">Genau dort beginnen Unsicherheit, Verz\u00f6gerung oder blinde Entscheidungen.<\/p>\n\n\n\n<p style=\"font-size:18px;letter-spacing:0px\">An diesem Punkt setze ich heute im Kontext von KI an.<\/p>\n\n\n\n<p style=\"font-size:18px;letter-spacing:0px\">Mit dem AI Decision Friction Lab hole ich genau diesen Moment in den Raum.<\/p>\n\n\n\n<div style=\"height:40px\" aria-hidden=\"true\" class=\"wp-block-spacer\"><\/div>\n\n\n\n<p><br><a href=\"https:\/\/www.linkedin.com\/in\/rene-werner-consulting\/\" type=\"link\" id=\"https:\/\/www.linkedin.com\/in\/rene-werner-consulting\/\">LinkedIn<\/a><\/p>\n<\/div><\/div>\n\n\n\n<div style=\"height:100px\" aria-hidden=\"true\" class=\"wp-block-spacer\"><\/div>\n","protected":false},"excerpt":{"rendered":"<p>AI Decision Friction LabAI ver\u00e4ndert eure Ergebnisse.Aber nicht eure Entscheidungen. Und genau dort entsteht gerade Reibung. Ihr nutzt KI bereits.Aber niemand kann sauber sagen, wann ein Ergebnis wirklich tragf\u00e4hig ist. Das Problem ist nicht die KI.Sondern wie Entscheidungen im Umgang mit ihr entstehen. Also wird gez\u00f6gert.Abgesichert.Oder einfach entschieden \u2014 ohne Klarheit. Die meisten Organisationen versuchen [&hellip;]<\/p>\n","protected":false},"author":1,"featured_media":0,"parent":0,"menu_order":0,"comment_status":"closed","ping_status":"closed","template":"","meta":{"_citadela_hide_page_title":"1","_citadela_remove_header_space":"","_citadela_custom_class":"","_citadela_half_map_provider":"","_citadela_half_map_theme":"","_citadela_half_map_themeOSM":"","_citadela_half_map_customTheme":"","_citadela_half_map_dataType":"","_citadela_half_map_dynamicTrack":false,"_citadela_half_map_trackColor":"","_citadela_half_map_trackEndpointsColor":"","_citadela_half_map_filterCategory":"","_citadela_half_map_filterLocation":"","_citadela_half_map_filterFeatured":false,"_citadela_half_map_noDataBehavior":"empty-map","_citadela_half_map_noDataText":"","_citadela_half_map_clusterGridSize":80,"_citadela_header":false,"_citadela_header_over_content":false,"_citadela_header_text_color":"","_citadela_header_logo":[],"_citadela_header_bg_image":[],"_citadela_header_bg_position":{"x":0.5,"y":0.5},"_citadela_header_bg_size":"cover","_citadela_header_bg_repeat":"no-repeat","_citadela_header_bg_fixed":false,"_citadela_header_bg_color":"","_citadela_header_bg_image_overlay":"","_citadela_header_transparent_bg":false,"_citadela_content_width":"","_citadela_half_layout_position":"","footnotes":""},"class_list":["post-974","page","type-page","status-publish","hentry"],"yoast_head":"<!-- This site is optimized with the Yoast SEO plugin v27.4 - https:\/\/yoast.com\/product\/yoast-seo-wordpress\/ -->\n<title>AI Decision Friction Lab | Klarere Entscheidungen mit KI im Unternehmen<\/title>\n<meta name=\"description\" content=\"AI Decision Friction Lab hilft Teams, Unsicherheit in KI-gest\u00fctzten Entscheidungen zu erkennen und aufzul\u00f6sen \u2013 f\u00fcr mehr Klarheit, Verantwortung und Tempo.\" \/>\n<meta name=\"robots\" content=\"index, follow, max-snippet:-1, max-image-preview:large, max-video-preview:-1\" \/>\n<link rel=\"canonical\" href=\"https:\/\/renewerner.tv\/tv\/ai-decision-friction-lab\/\" \/>\n<meta property=\"og:locale\" content=\"de_DE\" \/>\n<meta property=\"og:type\" content=\"article\" \/>\n<meta property=\"og:title\" content=\"AI Decision Friction Lab | Klarere Entscheidungen mit KI im Unternehmen\" \/>\n<meta property=\"og:description\" content=\"AI Decision Friction Lab hilft Teams, Unsicherheit in KI-gest\u00fctzten Entscheidungen zu erkennen und aufzul\u00f6sen \u2013 f\u00fcr mehr Klarheit, Verantwortung und Tempo.\" \/>\n<meta property=\"og:url\" content=\"https:\/\/renewerner.tv\/tv\/ai-decision-friction-lab\/\" \/>\n<meta property=\"og:site_name\" content=\"REN\u00c9 WERNER\" \/>\n<meta property=\"article:modified_time\" content=\"2026-04-19T19:48:32+00:00\" \/>\n<meta name=\"twitter:card\" content=\"summary_large_image\" \/>\n<meta name=\"twitter:label1\" content=\"Gesch\u00e4tzte Lesezeit\" \/>\n\t<meta name=\"twitter:data1\" content=\"3\u00a0Minuten\" \/>\n<script type=\"application\/ld+json\" class=\"yoast-schema-graph\">{\"@context\":\"https:\\\/\\\/schema.org\",\"@graph\":[{\"@type\":\"WebPage\",\"@id\":\"https:\\\/\\\/renewerner.tv\\\/tv\\\/ai-decision-friction-lab\\\/\",\"url\":\"https:\\\/\\\/renewerner.tv\\\/tv\\\/ai-decision-friction-lab\\\/\",\"name\":\"AI Decision Friction Lab | Klarere Entscheidungen mit KI im Unternehmen\",\"isPartOf\":{\"@id\":\"https:\\\/\\\/renewerner.tv\\\/tv\\\/#website\"},\"datePublished\":\"2026-04-19T12:21:21+00:00\",\"dateModified\":\"2026-04-19T19:48:32+00:00\",\"description\":\"AI Decision Friction Lab hilft Teams, Unsicherheit in KI-gest\u00fctzten Entscheidungen zu erkennen und aufzul\u00f6sen \u2013 f\u00fcr mehr Klarheit, Verantwortung und Tempo.\",\"breadcrumb\":{\"@id\":\"https:\\\/\\\/renewerner.tv\\\/tv\\\/ai-decision-friction-lab\\\/#breadcrumb\"},\"inLanguage\":\"de\",\"potentialAction\":[{\"@type\":\"ReadAction\",\"target\":[\"https:\\\/\\\/renewerner.tv\\\/tv\\\/ai-decision-friction-lab\\\/\"]}]},{\"@type\":\"BreadcrumbList\",\"@id\":\"https:\\\/\\\/renewerner.tv\\\/tv\\\/ai-decision-friction-lab\\\/#breadcrumb\",\"itemListElement\":[{\"@type\":\"ListItem\",\"position\":1,\"name\":\"Homepage\",\"item\":\"https:\\\/\\\/renewerner.tv\\\/tv\\\/\"},{\"@type\":\"ListItem\",\"position\":2,\"name\":\"ai-decision-friction-lab\"}]},{\"@type\":\"WebSite\",\"@id\":\"https:\\\/\\\/renewerner.tv\\\/tv\\\/#website\",\"url\":\"https:\\\/\\\/renewerner.tv\\\/tv\\\/\",\"name\":\"REN\u00c9 WERNER\",\"description\":\"Struktur vor Ma\u00dfnahme.\",\"potentialAction\":[{\"@type\":\"SearchAction\",\"target\":{\"@type\":\"EntryPoint\",\"urlTemplate\":\"https:\\\/\\\/renewerner.tv\\\/tv\\\/?s={search_term_string}\"},\"query-input\":{\"@type\":\"PropertyValueSpecification\",\"valueRequired\":true,\"valueName\":\"search_term_string\"}}],\"inLanguage\":\"de\"}]}<\/script>\n<!-- \/ Yoast SEO plugin. -->","yoast_head_json":{"title":"AI Decision Friction Lab | Klarere Entscheidungen mit KI im Unternehmen","description":"AI Decision Friction Lab hilft Teams, Unsicherheit in KI-gest\u00fctzten Entscheidungen zu erkennen und aufzul\u00f6sen \u2013 f\u00fcr mehr Klarheit, Verantwortung und Tempo.","robots":{"index":"index","follow":"follow","max-snippet":"max-snippet:-1","max-image-preview":"max-image-preview:large","max-video-preview":"max-video-preview:-1"},"canonical":"https:\/\/renewerner.tv\/tv\/ai-decision-friction-lab\/","og_locale":"de_DE","og_type":"article","og_title":"AI Decision Friction Lab | Klarere Entscheidungen mit KI im Unternehmen","og_description":"AI Decision Friction Lab hilft Teams, Unsicherheit in KI-gest\u00fctzten Entscheidungen zu erkennen und aufzul\u00f6sen \u2013 f\u00fcr mehr Klarheit, Verantwortung und Tempo.","og_url":"https:\/\/renewerner.tv\/tv\/ai-decision-friction-lab\/","og_site_name":"REN\u00c9 WERNER","article_modified_time":"2026-04-19T19:48:32+00:00","twitter_card":"summary_large_image","twitter_misc":{"Gesch\u00e4tzte Lesezeit":"3\u00a0Minuten"},"schema":{"@context":"https:\/\/schema.org","@graph":[{"@type":"WebPage","@id":"https:\/\/renewerner.tv\/tv\/ai-decision-friction-lab\/","url":"https:\/\/renewerner.tv\/tv\/ai-decision-friction-lab\/","name":"AI Decision Friction Lab | Klarere Entscheidungen mit KI im Unternehmen","isPartOf":{"@id":"https:\/\/renewerner.tv\/tv\/#website"},"datePublished":"2026-04-19T12:21:21+00:00","dateModified":"2026-04-19T19:48:32+00:00","description":"AI Decision Friction Lab hilft Teams, Unsicherheit in KI-gest\u00fctzten Entscheidungen zu erkennen und aufzul\u00f6sen \u2013 f\u00fcr mehr Klarheit, Verantwortung und Tempo.","breadcrumb":{"@id":"https:\/\/renewerner.tv\/tv\/ai-decision-friction-lab\/#breadcrumb"},"inLanguage":"de","potentialAction":[{"@type":"ReadAction","target":["https:\/\/renewerner.tv\/tv\/ai-decision-friction-lab\/"]}]},{"@type":"BreadcrumbList","@id":"https:\/\/renewerner.tv\/tv\/ai-decision-friction-lab\/#breadcrumb","itemListElement":[{"@type":"ListItem","position":1,"name":"Homepage","item":"https:\/\/renewerner.tv\/tv\/"},{"@type":"ListItem","position":2,"name":"ai-decision-friction-lab"}]},{"@type":"WebSite","@id":"https:\/\/renewerner.tv\/tv\/#website","url":"https:\/\/renewerner.tv\/tv\/","name":"REN\u00c9 WERNER","description":"Struktur vor Ma\u00dfnahme.","potentialAction":[{"@type":"SearchAction","target":{"@type":"EntryPoint","urlTemplate":"https:\/\/renewerner.tv\/tv\/?s={search_term_string}"},"query-input":{"@type":"PropertyValueSpecification","valueRequired":true,"valueName":"search_term_string"}}],"inLanguage":"de"}]}},"_links":{"self":[{"href":"https:\/\/renewerner.tv\/tv\/wp-json\/wp\/v2\/pages\/974","targetHints":{"allow":["GET"]}}],"collection":[{"href":"https:\/\/renewerner.tv\/tv\/wp-json\/wp\/v2\/pages"}],"about":[{"href":"https:\/\/renewerner.tv\/tv\/wp-json\/wp\/v2\/types\/page"}],"author":[{"embeddable":true,"href":"https:\/\/renewerner.tv\/tv\/wp-json\/wp\/v2\/users\/1"}],"replies":[{"embeddable":true,"href":"https:\/\/renewerner.tv\/tv\/wp-json\/wp\/v2\/comments?post=974"}],"version-history":[{"count":48,"href":"https:\/\/renewerner.tv\/tv\/wp-json\/wp\/v2\/pages\/974\/revisions"}],"predecessor-version":[{"id":1052,"href":"https:\/\/renewerner.tv\/tv\/wp-json\/wp\/v2\/pages\/974\/revisions\/1052"}],"wp:attachment":[{"href":"https:\/\/renewerner.tv\/tv\/wp-json\/wp\/v2\/media?parent=974"}],"curies":[{"name":"wp","href":"https:\/\/api.w.org\/{rel}","templated":true}]}}