{"id":878,"date":"2026-04-15T18:42:32","date_gmt":"2026-04-15T18:42:32","guid":{"rendered":"https:\/\/renewerner.tv\/tv\/?page_id=878"},"modified":"2026-04-19T12:40:56","modified_gmt":"2026-04-19T12:40:56","slug":"leistungen","status":"publish","type":"page","link":"https:\/\/renewerner.tv\/tv\/leistungen\/","title":{"rendered":"Leistungen"},"content":{"rendered":"\n<div class=\"wp-block-group alignfull has-white-background-color has-background\"><div class=\"wp-block-group__inner-container is-layout-constrained wp-block-group-is-layout-constrained\">\n<div class=\"wp-block-group\"><div class=\"wp-block-group__inner-container is-layout-constrained wp-block-group-is-layout-constrained\"><\/div><\/div>\n<\/div><\/div>\n\n\n\n<div class=\"wp-block-group\"><div class=\"wp-block-group__inner-container is-layout-constrained wp-block-group-is-layout-constrained\">\n<p style=\"font-size:18px;letter-spacing:0px\">Die meisten holen Unterst\u00fctzung,<br>wenn etwas nicht mehr funktioniert.<\/p>\n\n\n\n<p style=\"font-size:18px;letter-spacing:0px\">Oft liegt das Problem aber nicht dort,<br>wo man zuerst hinschaut.<\/p>\n<\/div><\/div>\n\n\n\n<div class=\"wp-block-group\"><div class=\"wp-block-group__inner-container is-layout-constrained wp-block-group-is-layout-constrained\">\n<div style=\"height:100px\" aria-hidden=\"true\" class=\"wp-block-spacer\"><\/div>\n\n\n\n<h2 class=\"wp-block-heading\" style=\"font-style:normal;font-weight:500\"><strong>Wann ich relevant werde<\/strong><\/h2>\n\n\n\n<div class=\"wp-block-group\"><div class=\"wp-block-group__inner-container is-layout-constrained wp-block-group-is-layout-constrained\">\n<p style=\"font-size:18px;letter-spacing:0px\">Nicht bei klaren Problemen.<\/p>\n\n\n\n<p style=\"font-size:18px;letter-spacing:0px\">Sondern bei Situationen,<br>die sich nicht eindeutig greifen lassen.<\/p>\n<\/div><\/div>\n\n\n\n<div class=\"wp-block-group\"><div class=\"wp-block-group__inner-container is-layout-constrained wp-block-group-is-layout-constrained\">\n<div style=\"height:100px\" aria-hidden=\"true\" class=\"wp-block-spacer\"><\/div>\n\n\n\n<div class=\"wp-block-group\"><div class=\"wp-block-group__inner-container is-layout-constrained wp-block-group-is-layout-constrained\">\n<h2 class=\"wp-block-heading\" style=\"font-style:normal;font-weight:500\"><strong>Situation 1<\/strong><\/h2>\n\n\n\n<p style=\"font-size:18px;letter-spacing:0px\">Wenn Plattformen wachsen \u2013 aber Entscheidungen langsamer werden<\/p>\n\n\n\n<p style=\"font-size:18px;letter-spacing:0px\">Abstimmungen nehmen zu.<br>Verantwortlichkeiten werden unklar.<br>Fortschritt f\u00fchlt sich z\u00e4h an.<\/p>\n\n\n\n<p style=\"font-size:18px;letter-spacing:0px\">Und niemand kann genau sagen, warum.<\/p>\n<\/div><\/div>\n\n\n\n<div class=\"wp-block-group\"><div class=\"wp-block-group__inner-container is-layout-constrained wp-block-group-is-layout-constrained\">\n<div style=\"height:60px\" aria-hidden=\"true\" class=\"wp-block-spacer\"><\/div>\n\n\n\n<div class=\"wp-block-group\"><div class=\"wp-block-group__inner-container is-layout-constrained wp-block-group-is-layout-constrained\">\n<h2 class=\"wp-block-heading\" style=\"font-style:normal;font-weight:500\"><strong>Situation 2<\/strong><\/h2>\n\n\n\n<p style=\"font-size:18px;letter-spacing:0px\">Teams arbeiten.<\/p>\n\n\n\n<p style=\"font-size:18px;letter-spacing:0px\">Aber nichts l\u00e4uft wirklich zusammen.<\/p>\n\n\n\n<p style=\"font-size:18px;letter-spacing:0px\">Projekte werden fertig, aber Wirkung bleibt aus.<br>Abh\u00e4ngigkeiten werden erst sichtbar, wenn es zu sp\u00e4t ist.<br>Kommunikation ersetzt keine Struktur mehr.<\/p>\n<\/div><\/div>\n\n\n\n<div class=\"wp-block-group\"><div class=\"wp-block-group__inner-container is-layout-constrained wp-block-group-is-layout-constrained\">\n<div style=\"height:60px\" aria-hidden=\"true\" class=\"wp-block-spacer\"><\/div>\n\n\n\n<h2 class=\"wp-block-heading\" style=\"font-style:normal;font-weight:500\"><strong>Situation 3<\/strong><\/h2>\n\n\n\n<p style=\"font-size:18px;letter-spacing:0px\">Wenn Transformation gestartet wurde \u2013 aber nicht greift<\/p>\n\n\n\n<p style=\"font-size:18px;letter-spacing:0px\">Initiativen laufen parallel.<br>Ergebnisse sind schwer messbar.<br>Ver\u00e4nderungen bleiben oberfl\u00e4chlich.<\/p>\n\n\n\n<div class=\"wp-block-group\"><div class=\"wp-block-group__inner-container is-layout-constrained wp-block-group-is-layout-constrained\">\n<div style=\"height:60px\" aria-hidden=\"true\" class=\"wp-block-spacer\"><\/div>\n\n\n\n<h2 class=\"wp-block-heading\" style=\"font-style:normal;font-weight:500\"><strong>Situation 4<\/strong><\/h2>\n\n\n\n<p style=\"font-size:18px;letter-spacing:0px\">Wenn KI eingef\u00fchrt wird \u2013 aber keinen echten Effekt hat<\/p>\n\n\n\n<p style=\"font-size:18px;letter-spacing:0px\">Tools sind da, aber ver\u00e4ndern nichts.<br>Use Cases bleiben isoliert.<br>Entscheidungen werden nicht besser, nur schneller.<\/p>\n<\/div><\/div>\n\n\n\n<div class=\"wp-block-group\"><div class=\"wp-block-group__inner-container is-layout-constrained wp-block-group-is-layout-constrained\">\n<div style=\"height:100px\" aria-hidden=\"true\" class=\"wp-block-spacer\"><\/div>\n\n\n\n<h2 class=\"wp-block-heading\" style=\"font-style:normal;font-weight:500\"><strong>Was ich dann tue<\/strong><\/h2>\n\n\n\n<p style=\"font-size:18px;letter-spacing:0px\">Ma\u00dfnahmen sind selten das Problem.<\/p>\n\n\n\n<p style=\"font-size:18px;letter-spacing:0px\">Ich arbeite an dem System,<br>das sie \u00fcberhaupt notwendig macht.<\/p>\n<\/div><\/div>\n\n\n\n<div class=\"wp-block-group\"><div class=\"wp-block-group__inner-container is-layout-constrained wp-block-group-is-layout-constrained\">\n<div style=\"height:100px\" aria-hidden=\"true\" class=\"wp-block-spacer\"><\/div>\n\n\n\n<h2 class=\"wp-block-heading\" style=\"font-style:normal;font-weight:500\"><strong>Strukturen sichtbar machen<\/strong><\/h2>\n\n\n\n<p style=\"font-size:18px;letter-spacing:0px\">Wie Entscheidungen tats\u00e4chlich entstehen.<br>Wo Verantwortlichkeiten verschwimmen.<br>Welche Abh\u00e4ngigkeiten wirken, ohne benannt zu sein.<\/p>\n<\/div><\/div>\n\n\n\n<div class=\"wp-block-group\"><div class=\"wp-block-group__inner-container is-layout-constrained wp-block-group-is-layout-constrained\">\n<div style=\"height:40px\" aria-hidden=\"true\" class=\"wp-block-spacer\"><\/div>\n\n\n\n<h2 class=\"wp-block-heading\" style=\"font-style:normal;font-weight:500\"><strong>Komplexit\u00e4t reduzieren, ohne zu vereinfachen<\/strong><\/h2>\n\n\n\n<p style=\"font-size:18px;letter-spacing:0px\">Ordnung in gewachsene Systeme bringen.<br>Zusammenh\u00e4nge kl\u00e4ren, statt sie zu \u00fcberdecken.<br>Fokus auf das, was Wirkung erzeugt.<\/p>\n<\/div><\/div>\n\n\n\n<div class=\"wp-block-group\"><div class=\"wp-block-group__inner-container is-layout-constrained wp-block-group-is-layout-constrained\">\n<div style=\"height:40px\" aria-hidden=\"true\" class=\"wp-block-spacer\"><\/div>\n\n\n\n<h2 class=\"wp-block-heading\" style=\"font-style:normal;font-weight:500\"><strong>Zielbilder entwickeln, die tragen<\/strong><\/h2>\n\n\n\n<p style=\"font-size:18px;letter-spacing:0px\">Keine Idealmodelle.<\/p>\n\n\n\n<p style=\"font-size:18px;letter-spacing:0px\">Sondern Strukturen,<br>die im bestehenden Kontext funktionieren.<\/p>\n<\/div><\/div>\n<\/div><\/div>\n<\/div><\/div>\n<\/div><\/div>\n<\/div><\/div>\n\n\n\n<div class=\"wp-block-group\"><div class=\"wp-block-group__inner-container is-layout-constrained wp-block-group-is-layout-constrained\">\n<div style=\"height:40px\" aria-hidden=\"true\" class=\"wp-block-spacer\"><\/div>\n\n\n\n<h2 class=\"wp-block-heading\" style=\"font-style:normal;font-weight:500\"><strong>Transformation steuerbar machen<\/strong><\/h2>\n\n\n\n<p style=\"font-size:18px;letter-spacing:0px\">Priorit\u00e4ten kl\u00e4ren.<br>Initiativen zusammenf\u00fchren.<br>Wirkung sichtbar machen.<\/p>\n<\/div><\/div>\n\n\n\n<div class=\"wp-block-group\"><div class=\"wp-block-group__inner-container is-layout-constrained wp-block-group-is-layout-constrained\">\n<div style=\"height:40px\" aria-hidden=\"true\" class=\"wp-block-spacer\"><\/div>\n\n\n\n<h2 class=\"wp-block-heading\" style=\"font-style:normal;font-weight:500\"><strong>KI sinnvoll einordnen<\/strong><\/h2>\n\n\n\n<p style=\"font-size:18px;letter-spacing:0px\">Nicht als Zusatz.<\/p>\n\n\n\n<p style=\"font-size:18px;letter-spacing:0px\">Sondern als Teil der Entscheidungs-<br>und Organisationslogik.<\/p>\n\n\n\n<div class=\"wp-block-group\"><div class=\"wp-block-group__inner-container is-layout-constrained wp-block-group-is-layout-constrained\">\n<div style=\"height:100px\" aria-hidden=\"true\" class=\"wp-block-spacer\"><\/div>\n\n\n\n<h2 class=\"wp-block-heading\" style=\"font-style:normal;font-weight:500\"><strong>Wie Zusammenarbeit beginnt<\/strong><\/h2>\n\n\n\n<div class=\"wp-block-group\"><div class=\"wp-block-group__inner-container is-layout-constrained wp-block-group-is-layout-constrained\">\n<p style=\"font-size:18px;letter-spacing:0px\">Es beginnt nicht mit einem Programm.<\/p>\n\n\n\n<p style=\"font-size:18px;letter-spacing:0px\">Sondern mit einem gemeinsamen Verst\u00e4ndnis daf\u00fcr,<br>was tats\u00e4chlich passiert.<\/p>\n\n\n\n<p style=\"font-size:18px;letter-spacing:0px\">Alles Weitere ergibt sich daraus.<\/p>\n<\/div><\/div>\n\n\n\n<div class=\"wp-block-group\"><div class=\"wp-block-group__inner-container is-layout-constrained wp-block-group-is-layout-constrained\">\n<div style=\"height:40px\" aria-hidden=\"true\" class=\"wp-block-spacer\"><\/div>\n\n\n\n<h2 class=\"wp-block-heading\" style=\"font-style:normal;font-weight:500\"><strong>Was Sie nicht bekommen<\/strong><\/h2>\n\n\n\n<p style=\"font-size:18px;letter-spacing:0px\">Keine Standardl\u00f6sungen.<\/p>\n\n\n\n<p style=\"font-size:18px;letter-spacing:0px\">Keine Frameworks,<br>die \u00fcbergest\u00fclpt werden.<\/p>\n\n\n\n<p style=\"font-size:18px;letter-spacing:0px\">Und keine Transformation,<br>die nur gut aussieht.<\/p>\n<\/div><\/div>\n\n\n\n<div class=\"wp-block-group\"><div class=\"wp-block-group__inner-container is-layout-constrained wp-block-group-is-layout-constrained\">\n<div style=\"height:40px\" aria-hidden=\"true\" class=\"wp-block-spacer\"><\/div>\n\n\n\n<p style=\"font-size:18px;letter-spacing:0px\">Wenn Sie sich in einer dieser Situationen wiederfinden:<\/p>\n\n\n\n<p><a href=\"mailto:rene@renewerner.tv\">rene@renewerner.tv<\/a><br><a href=\"https:\/\/www.linkedin.com\/in\/rene-werner-consulting\/\" type=\"link\" id=\"https:\/\/www.linkedin.com\/in\/rene-werner-consulting\/\">LinkedIn<\/a><\/p>\n<\/div><\/div>\n<\/div><\/div>\n<\/div><\/div>\n","protected":false},"excerpt":{"rendered":"<p>Die meisten holen Unterst\u00fctzung,wenn etwas nicht mehr funktioniert. Oft liegt das Problem aber nicht dort,wo man zuerst hinschaut. Wann ich relevant werde Nicht bei klaren Problemen. Sondern bei Situationen,die sich nicht eindeutig greifen lassen. Situation 1 Wenn Plattformen wachsen \u2013 aber Entscheidungen langsamer werden Abstimmungen nehmen zu.Verantwortlichkeiten werden unklar.Fortschritt f\u00fchlt sich z\u00e4h an. Und niemand [&hellip;]<\/p>\n","protected":false},"author":1,"featured_media":0,"parent":0,"menu_order":0,"comment_status":"closed","ping_status":"closed","template":"","meta":{"_citadela_hide_page_title":"1","_citadela_remove_header_space":"","_citadela_custom_class":"","_citadela_half_map_provider":"","_citadela_half_map_theme":"","_citadela_half_map_themeOSM":"","_citadela_half_map_customTheme":"","_citadela_half_map_dataType":"","_citadela_half_map_dynamicTrack":false,"_citadela_half_map_trackColor":"","_citadela_half_map_trackEndpointsColor":"","_citadela_half_map_filterCategory":"","_citadela_half_map_filterLocation":"","_citadela_half_map_filterFeatured":false,"_citadela_half_map_noDataBehavior":"empty-map","_citadela_half_map_noDataText":"","_citadela_half_map_clusterGridSize":80,"_citadela_header":false,"_citadela_header_over_content":false,"_citadela_header_text_color":"","_citadela_header_logo":[],"_citadela_header_bg_image":[],"_citadela_header_bg_position":{"x":0.5,"y":0.5},"_citadela_header_bg_size":"cover","_citadela_header_bg_repeat":"no-repeat","_citadela_header_bg_fixed":false,"_citadela_header_bg_color":"","_citadela_header_bg_image_overlay":"","_citadela_header_transparent_bg":false,"_citadela_content_width":"","_citadela_half_layout_position":"","footnotes":""},"class_list":["post-878","page","type-page","status-publish","hentry"],"yoast_head":"<!-- This site is optimized with the Yoast SEO plugin v27.4 - https:\/\/yoast.com\/product\/yoast-seo-wordpress\/ -->\n<title>Ren\u00e9 Werner \u2013 Transformation &amp; Organisationsstruktur<\/title>\n<meta name=\"description\" content=\"Transformation scheitert selten an Ideen. Oft sind es Strukturen, die Entscheidungen verzerren. Ich arbeite an genau diesen Stellen.\" \/>\n<meta name=\"robots\" content=\"index, follow, max-snippet:-1, max-image-preview:large, max-video-preview:-1\" \/>\n<link rel=\"canonical\" href=\"https:\/\/renewerner.tv\/tv\/leistungen\/\" \/>\n<meta property=\"og:locale\" content=\"de_DE\" \/>\n<meta property=\"og:type\" content=\"article\" \/>\n<meta property=\"og:title\" content=\"Ren\u00e9 Werner \u2013 Transformation &amp; Organisationsstruktur\" \/>\n<meta property=\"og:description\" content=\"Transformation scheitert selten an Ideen. Oft sind es Strukturen, die Entscheidungen verzerren. Ich arbeite an genau diesen Stellen.\" \/>\n<meta property=\"og:url\" content=\"https:\/\/renewerner.tv\/tv\/leistungen\/\" \/>\n<meta property=\"og:site_name\" content=\"REN\u00c9 WERNER\" \/>\n<meta property=\"article:modified_time\" content=\"2026-04-19T12:40:56+00:00\" \/>\n<meta name=\"twitter:card\" content=\"summary_large_image\" \/>\n<meta name=\"twitter:label1\" content=\"Gesch\u00e4tzte Lesezeit\" \/>\n\t<meta name=\"twitter:data1\" content=\"2\u00a0Minuten\" \/>\n<script type=\"application\/ld+json\" class=\"yoast-schema-graph\">{\"@context\":\"https:\\\/\\\/schema.org\",\"@graph\":[{\"@type\":\"WebPage\",\"@id\":\"https:\\\/\\\/renewerner.tv\\\/tv\\\/leistungen\\\/\",\"url\":\"https:\\\/\\\/renewerner.tv\\\/tv\\\/leistungen\\\/\",\"name\":\"Ren\u00e9 Werner \u2013 Transformation & Organisationsstruktur\",\"isPartOf\":{\"@id\":\"https:\\\/\\\/renewerner.tv\\\/tv\\\/#website\"},\"datePublished\":\"2026-04-15T18:42:32+00:00\",\"dateModified\":\"2026-04-19T12:40:56+00:00\",\"description\":\"Transformation scheitert selten an Ideen. Oft sind es Strukturen, die Entscheidungen verzerren. Ich arbeite an genau diesen Stellen.\",\"breadcrumb\":{\"@id\":\"https:\\\/\\\/renewerner.tv\\\/tv\\\/leistungen\\\/#breadcrumb\"},\"inLanguage\":\"de\",\"potentialAction\":[{\"@type\":\"ReadAction\",\"target\":[\"https:\\\/\\\/renewerner.tv\\\/tv\\\/leistungen\\\/\"]}]},{\"@type\":\"BreadcrumbList\",\"@id\":\"https:\\\/\\\/renewerner.tv\\\/tv\\\/leistungen\\\/#breadcrumb\",\"itemListElement\":[{\"@type\":\"ListItem\",\"position\":1,\"name\":\"Homepage\",\"item\":\"https:\\\/\\\/renewerner.tv\\\/tv\\\/\"},{\"@type\":\"ListItem\",\"position\":2,\"name\":\"Leistungen\"}]},{\"@type\":\"WebSite\",\"@id\":\"https:\\\/\\\/renewerner.tv\\\/tv\\\/#website\",\"url\":\"https:\\\/\\\/renewerner.tv\\\/tv\\\/\",\"name\":\"REN\u00c9 WERNER\",\"description\":\"Struktur vor Ma\u00dfnahme.\",\"potentialAction\":[{\"@type\":\"SearchAction\",\"target\":{\"@type\":\"EntryPoint\",\"urlTemplate\":\"https:\\\/\\\/renewerner.tv\\\/tv\\\/?s={search_term_string}\"},\"query-input\":{\"@type\":\"PropertyValueSpecification\",\"valueRequired\":true,\"valueName\":\"search_term_string\"}}],\"inLanguage\":\"de\"}]}<\/script>\n<!-- \/ Yoast SEO plugin. -->","yoast_head_json":{"title":"Ren\u00e9 Werner \u2013 Transformation & Organisationsstruktur","description":"Transformation scheitert selten an Ideen. Oft sind es Strukturen, die Entscheidungen verzerren. Ich arbeite an genau diesen Stellen.","robots":{"index":"index","follow":"follow","max-snippet":"max-snippet:-1","max-image-preview":"max-image-preview:large","max-video-preview":"max-video-preview:-1"},"canonical":"https:\/\/renewerner.tv\/tv\/leistungen\/","og_locale":"de_DE","og_type":"article","og_title":"Ren\u00e9 Werner \u2013 Transformation & Organisationsstruktur","og_description":"Transformation scheitert selten an Ideen. Oft sind es Strukturen, die Entscheidungen verzerren. Ich arbeite an genau diesen Stellen.","og_url":"https:\/\/renewerner.tv\/tv\/leistungen\/","og_site_name":"REN\u00c9 WERNER","article_modified_time":"2026-04-19T12:40:56+00:00","twitter_card":"summary_large_image","twitter_misc":{"Gesch\u00e4tzte Lesezeit":"2\u00a0Minuten"},"schema":{"@context":"https:\/\/schema.org","@graph":[{"@type":"WebPage","@id":"https:\/\/renewerner.tv\/tv\/leistungen\/","url":"https:\/\/renewerner.tv\/tv\/leistungen\/","name":"Ren\u00e9 Werner \u2013 Transformation & Organisationsstruktur","isPartOf":{"@id":"https:\/\/renewerner.tv\/tv\/#website"},"datePublished":"2026-04-15T18:42:32+00:00","dateModified":"2026-04-19T12:40:56+00:00","description":"Transformation scheitert selten an Ideen. Oft sind es Strukturen, die Entscheidungen verzerren. Ich arbeite an genau diesen Stellen.","breadcrumb":{"@id":"https:\/\/renewerner.tv\/tv\/leistungen\/#breadcrumb"},"inLanguage":"de","potentialAction":[{"@type":"ReadAction","target":["https:\/\/renewerner.tv\/tv\/leistungen\/"]}]},{"@type":"BreadcrumbList","@id":"https:\/\/renewerner.tv\/tv\/leistungen\/#breadcrumb","itemListElement":[{"@type":"ListItem","position":1,"name":"Homepage","item":"https:\/\/renewerner.tv\/tv\/"},{"@type":"ListItem","position":2,"name":"Leistungen"}]},{"@type":"WebSite","@id":"https:\/\/renewerner.tv\/tv\/#website","url":"https:\/\/renewerner.tv\/tv\/","name":"REN\u00c9 WERNER","description":"Struktur vor Ma\u00dfnahme.","potentialAction":[{"@type":"SearchAction","target":{"@type":"EntryPoint","urlTemplate":"https:\/\/renewerner.tv\/tv\/?s={search_term_string}"},"query-input":{"@type":"PropertyValueSpecification","valueRequired":true,"valueName":"search_term_string"}}],"inLanguage":"de"}]}},"_links":{"self":[{"href":"https:\/\/renewerner.tv\/tv\/wp-json\/wp\/v2\/pages\/878","targetHints":{"allow":["GET"]}}],"collection":[{"href":"https:\/\/renewerner.tv\/tv\/wp-json\/wp\/v2\/pages"}],"about":[{"href":"https:\/\/renewerner.tv\/tv\/wp-json\/wp\/v2\/types\/page"}],"author":[{"embeddable":true,"href":"https:\/\/renewerner.tv\/tv\/wp-json\/wp\/v2\/users\/1"}],"replies":[{"embeddable":true,"href":"https:\/\/renewerner.tv\/tv\/wp-json\/wp\/v2\/comments?post=878"}],"version-history":[{"count":39,"href":"https:\/\/renewerner.tv\/tv\/wp-json\/wp\/v2\/pages\/878\/revisions"}],"predecessor-version":[{"id":996,"href":"https:\/\/renewerner.tv\/tv\/wp-json\/wp\/v2\/pages\/878\/revisions\/996"}],"wp:attachment":[{"href":"https:\/\/renewerner.tv\/tv\/wp-json\/wp\/v2\/media?parent=878"}],"curies":[{"name":"wp","href":"https:\/\/api.w.org\/{rel}","templated":true}]}}