{"id":1035,"date":"2026-04-19T15:31:50","date_gmt":"2026-04-19T15:31:50","guid":{"rendered":"https:\/\/renewerner.tv\/tv\/?page_id=1035"},"modified":"2026-04-19T20:07:06","modified_gmt":"2026-04-19T20:07:06","slug":"executive-briefing","status":"publish","type":"page","link":"https:\/\/renewerner.tv\/tv\/executive-briefing\/","title":{"rendered":"Executive Briefing"},"content":{"rendered":"\n<div class=\"wp-block-group alignfull\"><div class=\"wp-block-group__inner-container is-layout-constrained wp-block-group-is-layout-constrained\">\n<div class=\"wp-block-group\"><div class=\"wp-block-group__inner-container is-layout-constrained wp-block-group-is-layout-constrained\">\n<h2 class=\"wp-block-heading\">AI Decision Friction Lab<\/h2>\n\n\n\n<p style=\"font-size:21px;font-style:normal;font-weight:400;letter-spacing:0px\">Executive Briefing anfordern<\/p>\n<\/div><\/div>\n<\/div><\/div>\n\n\n\n<p style=\"font-size:19px;letter-spacing:0.2px\">F\u00fcr eine kompakte Einordnung auf Entscheiderebene habe ich ein Executive Briefing zusammengestellt.<\/p>\n\n\n\n<p style=\"font-size:19px;letter-spacing:0.2px\">Es beschreibt, warum KI-Entscheidungen aktuell ins Stocken geraten \u2014 und wie sich dieser Punkt konkret sichtbar machen l\u00e4sst.<\/p>\n\n\n\n<p style=\"font-size:19px;letter-spacing:0.2px\">Wenn das f\u00fcr dich relevant ist, sende ich es dir zu.<\/p>\n\n\n\n<div style=\"height:100px\" aria-hidden=\"true\" class=\"wp-block-spacer\"><\/div>\n\n\n\n<div class=\"wpcf7 no-js\" id=\"wpcf7-f1034-o1\" lang=\"de-DE\" dir=\"ltr\" data-wpcf7-id=\"1034\">\n<div class=\"screen-reader-response\"><p role=\"status\" aria-live=\"polite\" aria-atomic=\"true\"><\/p> <ul><\/ul><\/div>\n<form action=\"\/tv\/wp-json\/wp\/v2\/pages\/1035#wpcf7-f1034-o1\" method=\"post\" class=\"wpcf7-form init\" aria-label=\"Kontaktformular\" novalidate=\"novalidate\" data-status=\"init\">\n<fieldset class=\"hidden-fields-container\"><input type=\"hidden\" name=\"_wpcf7\" value=\"1034\" \/><input type=\"hidden\" name=\"_wpcf7_version\" value=\"6.1.5\" \/><input type=\"hidden\" name=\"_wpcf7_locale\" value=\"de_DE\" \/><input type=\"hidden\" name=\"_wpcf7_unit_tag\" value=\"wpcf7-f1034-o1\" \/><input type=\"hidden\" name=\"_wpcf7_container_post\" value=\"0\" \/><input type=\"hidden\" name=\"_wpcf7_posted_data_hash\" value=\"\" \/>\n<\/fieldset>\n<hr \/>\n<p>Vor- \/ Nachname *\n<\/p>\n<p><span class=\"wpcf7-form-control-wrap\" data-name=\"your-name\"><input size=\"40\" maxlength=\"400\" class=\"wpcf7-form-control wpcf7-text wpcf7-validates-as-required\" aria-required=\"true\" aria-invalid=\"false\" value=\"\" type=\"text\" name=\"your-name\" \/><\/span>\n<\/p>\n<p>E-Mail-Adresse *\n<\/p>\n<p><span class=\"wpcf7-form-control-wrap\" data-name=\"your-email\"><input size=\"40\" maxlength=\"400\" class=\"wpcf7-form-control wpcf7-email wpcf7-validates-as-required wpcf7-text wpcf7-validates-as-email\" aria-required=\"true\" aria-invalid=\"false\" value=\"\" type=\"email\" name=\"your-email\" \/><\/span>\n<\/p>\n<p>Telefon \/ Mobil\n<\/p>\n<p><span class=\"wpcf7-form-control-wrap\" data-name=\"Telefon\"><input size=\"40\" maxlength=\"400\" class=\"wpcf7-form-control wpcf7-tel wpcf7-text wpcf7-validates-as-tel\" aria-invalid=\"false\" value=\"\" type=\"tel\" name=\"Telefon\" \/><\/span>\n<\/p>\n<p>Kontext\n<\/p>\n<p><span class=\"wpcf7-form-control-wrap\" data-name=\"Kontext\"><textarea cols=\"40\" rows=\"10\" maxlength=\"2000\" class=\"wpcf7-form-control wpcf7-textarea\" aria-invalid=\"false\" placeholder=\"Worum geht es aktuell bei euch im Umgang mit KI?\" name=\"Kontext\"><\/textarea><\/span>\n<\/p>\n<hr \/>\n<p><strong>Executive Briefing \u2013 AI Decision Friction Lab<\/strong>\n<\/p>\n<p>Ich sende dir das Briefing direkt zu.\n<\/p>\n<p><input class=\"wpcf7-form-control wpcf7-submit has-spinner\" type=\"submit\" value=\"Executive Briefing anfordern\" \/>\n<\/p><div class=\"wpcf7-response-output\" aria-hidden=\"true\"><\/div>\n<\/form>\n<\/div>\n\n\n\n\n<p style=\"font-size:16px;letter-spacing:0px\">Kein Spam. Keine Weitergabe.<br>Ich melde mich pers\u00f6nlich.<\/p>\n","protected":false},"excerpt":{"rendered":"<p>AI Decision Friction Lab Executive Briefing anfordern F\u00fcr eine kompakte Einordnung auf Entscheiderebene habe ich ein Executive Briefing zusammengestellt. Es beschreibt, warum KI-Entscheidungen aktuell ins Stocken geraten \u2014 und wie sich dieser Punkt konkret sichtbar machen l\u00e4sst. Wenn das f\u00fcr dich relevant ist, sende ich es dir zu. Kein Spam. Keine Weitergabe.Ich melde mich pers\u00f6nlich.<\/p>\n","protected":false},"author":1,"featured_media":0,"parent":0,"menu_order":0,"comment_status":"closed","ping_status":"closed","template":"","meta":{"_citadela_hide_page_title":"1","_citadela_remove_header_space":"","_citadela_custom_class":"","_citadela_half_map_provider":"","_citadela_half_map_theme":"","_citadela_half_map_themeOSM":"","_citadela_half_map_customTheme":"","_citadela_half_map_dataType":"","_citadela_half_map_dynamicTrack":false,"_citadela_half_map_trackColor":"","_citadela_half_map_trackEndpointsColor":"","_citadela_half_map_filterCategory":"","_citadela_half_map_filterLocation":"","_citadela_half_map_filterFeatured":false,"_citadela_half_map_noDataBehavior":"empty-map","_citadela_half_map_noDataText":"","_citadela_half_map_clusterGridSize":80,"_citadela_header":false,"_citadela_header_over_content":false,"_citadela_header_text_color":"","_citadela_header_logo":[],"_citadela_header_bg_image":[],"_citadela_header_bg_position":{"x":0.5,"y":0.5},"_citadela_header_bg_size":"cover","_citadela_header_bg_repeat":"no-repeat","_citadela_header_bg_fixed":false,"_citadela_header_bg_color":"","_citadela_header_bg_image_overlay":"","_citadela_header_transparent_bg":false,"_citadela_content_width":"","_citadela_half_layout_position":"","footnotes":""},"class_list":["post-1035","page","type-page","status-publish","hentry"],"yoast_head":"<!-- This site is optimized with the Yoast SEO plugin v27.4 - https:\/\/yoast.com\/product\/yoast-seo-wordpress\/ -->\n<title>Executive Briefing - AI Decision Friction Lab<\/title>\n<meta name=\"description\" content=\"Executive Briefing zum AI Decision Friction Lab: Erhalte eine kompakte Einordnung, warum KI-Entscheidungen ins Stocken geraten \u2013 und wie Klarheit in reale Entscheidungsprozesse kommt.\" \/>\n<meta name=\"robots\" content=\"index, follow, max-snippet:-1, max-image-preview:large, max-video-preview:-1\" \/>\n<link rel=\"canonical\" href=\"https:\/\/renewerner.tv\/tv\/executive-briefing\/\" \/>\n<meta property=\"og:locale\" content=\"de_DE\" \/>\n<meta property=\"og:type\" content=\"article\" \/>\n<meta property=\"og:title\" content=\"Executive Briefing - AI Decision Friction Lab\" \/>\n<meta property=\"og:description\" content=\"Executive Briefing zum AI Decision Friction Lab: Erhalte eine kompakte Einordnung, warum KI-Entscheidungen ins Stocken geraten \u2013 und wie Klarheit in reale Entscheidungsprozesse kommt.\" \/>\n<meta property=\"og:url\" content=\"https:\/\/renewerner.tv\/tv\/executive-briefing\/\" \/>\n<meta property=\"og:site_name\" content=\"REN\u00c9 WERNER\" \/>\n<meta property=\"article:modified_time\" content=\"2026-04-19T20:07:06+00:00\" \/>\n<meta name=\"twitter:card\" content=\"summary_large_image\" \/>\n<meta name=\"twitter:label1\" content=\"Gesch\u00e4tzte Lesezeit\" \/>\n\t<meta name=\"twitter:data1\" content=\"1\u00a0Minute\" \/>\n<script type=\"application\/ld+json\" class=\"yoast-schema-graph\">{\"@context\":\"https:\\\/\\\/schema.org\",\"@graph\":[{\"@type\":\"WebPage\",\"@id\":\"https:\\\/\\\/renewerner.tv\\\/tv\\\/executive-briefing\\\/\",\"url\":\"https:\\\/\\\/renewerner.tv\\\/tv\\\/executive-briefing\\\/\",\"name\":\"Executive Briefing - AI Decision Friction Lab\",\"isPartOf\":{\"@id\":\"https:\\\/\\\/renewerner.tv\\\/tv\\\/#website\"},\"datePublished\":\"2026-04-19T15:31:50+00:00\",\"dateModified\":\"2026-04-19T20:07:06+00:00\",\"description\":\"Executive Briefing zum AI Decision Friction Lab: Erhalte eine kompakte Einordnung, warum KI-Entscheidungen ins Stocken geraten \u2013 und wie Klarheit in reale Entscheidungsprozesse kommt.\",\"breadcrumb\":{\"@id\":\"https:\\\/\\\/renewerner.tv\\\/tv\\\/executive-briefing\\\/#breadcrumb\"},\"inLanguage\":\"de\",\"potentialAction\":[{\"@type\":\"ReadAction\",\"target\":[\"https:\\\/\\\/renewerner.tv\\\/tv\\\/executive-briefing\\\/\"]}]},{\"@type\":\"BreadcrumbList\",\"@id\":\"https:\\\/\\\/renewerner.tv\\\/tv\\\/executive-briefing\\\/#breadcrumb\",\"itemListElement\":[{\"@type\":\"ListItem\",\"position\":1,\"name\":\"Homepage\",\"item\":\"https:\\\/\\\/renewerner.tv\\\/tv\\\/\"},{\"@type\":\"ListItem\",\"position\":2,\"name\":\"Executive Briefing\"}]},{\"@type\":\"WebSite\",\"@id\":\"https:\\\/\\\/renewerner.tv\\\/tv\\\/#website\",\"url\":\"https:\\\/\\\/renewerner.tv\\\/tv\\\/\",\"name\":\"REN\u00c9 WERNER\",\"description\":\"Struktur vor Ma\u00dfnahme.\",\"potentialAction\":[{\"@type\":\"SearchAction\",\"target\":{\"@type\":\"EntryPoint\",\"urlTemplate\":\"https:\\\/\\\/renewerner.tv\\\/tv\\\/?s={search_term_string}\"},\"query-input\":{\"@type\":\"PropertyValueSpecification\",\"valueRequired\":true,\"valueName\":\"search_term_string\"}}],\"inLanguage\":\"de\"}]}<\/script>\n<!-- \/ Yoast SEO plugin. -->","yoast_head_json":{"title":"Executive Briefing - AI Decision Friction Lab","description":"Executive Briefing zum AI Decision Friction Lab: Erhalte eine kompakte Einordnung, warum KI-Entscheidungen ins Stocken geraten \u2013 und wie Klarheit in reale Entscheidungsprozesse kommt.","robots":{"index":"index","follow":"follow","max-snippet":"max-snippet:-1","max-image-preview":"max-image-preview:large","max-video-preview":"max-video-preview:-1"},"canonical":"https:\/\/renewerner.tv\/tv\/executive-briefing\/","og_locale":"de_DE","og_type":"article","og_title":"Executive Briefing - AI Decision Friction Lab","og_description":"Executive Briefing zum AI Decision Friction Lab: Erhalte eine kompakte Einordnung, warum KI-Entscheidungen ins Stocken geraten \u2013 und wie Klarheit in reale Entscheidungsprozesse kommt.","og_url":"https:\/\/renewerner.tv\/tv\/executive-briefing\/","og_site_name":"REN\u00c9 WERNER","article_modified_time":"2026-04-19T20:07:06+00:00","twitter_card":"summary_large_image","twitter_misc":{"Gesch\u00e4tzte Lesezeit":"1\u00a0Minute"},"schema":{"@context":"https:\/\/schema.org","@graph":[{"@type":"WebPage","@id":"https:\/\/renewerner.tv\/tv\/executive-briefing\/","url":"https:\/\/renewerner.tv\/tv\/executive-briefing\/","name":"Executive Briefing - AI Decision Friction Lab","isPartOf":{"@id":"https:\/\/renewerner.tv\/tv\/#website"},"datePublished":"2026-04-19T15:31:50+00:00","dateModified":"2026-04-19T20:07:06+00:00","description":"Executive Briefing zum AI Decision Friction Lab: Erhalte eine kompakte Einordnung, warum KI-Entscheidungen ins Stocken geraten \u2013 und wie Klarheit in reale Entscheidungsprozesse kommt.","breadcrumb":{"@id":"https:\/\/renewerner.tv\/tv\/executive-briefing\/#breadcrumb"},"inLanguage":"de","potentialAction":[{"@type":"ReadAction","target":["https:\/\/renewerner.tv\/tv\/executive-briefing\/"]}]},{"@type":"BreadcrumbList","@id":"https:\/\/renewerner.tv\/tv\/executive-briefing\/#breadcrumb","itemListElement":[{"@type":"ListItem","position":1,"name":"Homepage","item":"https:\/\/renewerner.tv\/tv\/"},{"@type":"ListItem","position":2,"name":"Executive Briefing"}]},{"@type":"WebSite","@id":"https:\/\/renewerner.tv\/tv\/#website","url":"https:\/\/renewerner.tv\/tv\/","name":"REN\u00c9 WERNER","description":"Struktur vor Ma\u00dfnahme.","potentialAction":[{"@type":"SearchAction","target":{"@type":"EntryPoint","urlTemplate":"https:\/\/renewerner.tv\/tv\/?s={search_term_string}"},"query-input":{"@type":"PropertyValueSpecification","valueRequired":true,"valueName":"search_term_string"}}],"inLanguage":"de"}]}},"_links":{"self":[{"href":"https:\/\/renewerner.tv\/tv\/wp-json\/wp\/v2\/pages\/1035","targetHints":{"allow":["GET"]}}],"collection":[{"href":"https:\/\/renewerner.tv\/tv\/wp-json\/wp\/v2\/pages"}],"about":[{"href":"https:\/\/renewerner.tv\/tv\/wp-json\/wp\/v2\/types\/page"}],"author":[{"embeddable":true,"href":"https:\/\/renewerner.tv\/tv\/wp-json\/wp\/v2\/users\/1"}],"replies":[{"embeddable":true,"href":"https:\/\/renewerner.tv\/tv\/wp-json\/wp\/v2\/comments?post=1035"}],"version-history":[{"count":5,"href":"https:\/\/renewerner.tv\/tv\/wp-json\/wp\/v2\/pages\/1035\/revisions"}],"predecessor-version":[{"id":1041,"href":"https:\/\/renewerner.tv\/tv\/wp-json\/wp\/v2\/pages\/1035\/revisions\/1041"}],"wp:attachment":[{"href":"https:\/\/renewerner.tv\/tv\/wp-json\/wp\/v2\/media?parent=1035"}],"curies":[{"name":"wp","href":"https:\/\/api.w.org\/{rel}","templated":true}]}}